{"id":50,"date":"2016-07-18T04:49:59","date_gmt":"2016-07-18T02:49:59","guid":{"rendered":"https:\/\/hamaca.design\/en\/impressum\/"},"modified":"2017-11-29T12:06:37","modified_gmt":"2017-11-29T11:06:37","slug":"legal-notice","status":"publish","type":"page","link":"https:\/\/hamaca.design\/en\/legal-notice\/","title":{"rendered":"legal notice"},"content":{"rendered":"<h3>Impressum<\/h3>\n<p>Petra M\u00fchlchen Korbmachermeisterin<\/p>\n<p>Inhaber: Petra M\u00fchlchen<\/p>\n<p>Zittauer Stra\u00dfe 7<br \/>\n02727 Ebersbach \u2013 Neugersdorf<br \/>\nDeutschland<\/p>\n<p>Telefon: +49 (0)3586 7078884<\/p>\n<p>Fax: +49 (0) 3586 7078897<\/p>\n<p>E-Mail: info@hamaca.design<\/p>\n<p>Umsatzsteuer-Identifikationsnummer: DE 140588571<\/p>\n<p>Verantwortlich gem\u00e4\u00df \u00a7 55 RStV:<br \/>\nPetra M\u00fchlchen<br \/>\nZittauer Stra\u00dfe 7<br \/>\n02727 Ebersbach \u2013 Neugersdorf<\/p>\n<p>Die Europ\u00e4ische Kommission stellt eine Plattform zur Online-Streitbeilegung (OS) bereit, die Sie hier finden\u00a0<a href=\"http:\/\/ec.europa.eu\/consumers\/odr\/\" target=\"_blank\" rel=\"nofollow noopener\">http:\/\/ec.europa.eu\/consumers\/odr\/<\/a>. Verbraucher haben die M\u00f6glichkeit, diese Plattform f\u00fcr die Beilegung ihrer Streitigkeiten zu nutzen.<br \/>\nZur Beilegung von Streitigkeiten aus einem Vertragsverh\u00e4ltnis mit einem Verbraucher bzw. dar\u00fcber, ob ein solches Vertragsverh\u00e4ltnis \u00fcberhaupt besteht, sind wir zur Teilnahme an Streitbeilegungsverfahren vor einer Verbraucherschlichtungsstelle verpflichtet. Zust\u00e4ndig ist die Allgemeine Verbraucherschlichtungsstelle des Zentrums f\u00fcr Schlichtung e.V., Stra\u00dfburger Stra\u00dfe 8, 77694 Kehl am Rhein,\u00a0<a href=\"http:\/\/www.verbraucher-schlichter.de\/\" target=\"_blank\" rel=\"nofollow noopener\">www.verbraucher-schlichter.de<\/a>. An einem Streitbeilegungsverfahren vor dieser Stelle werden wir teilnehmen.<\/p>\n<p><i><a title=\"Impressum\" href=\"http:\/\/shop.trustedshops.com\/rechtstexte-kostenlos\" target=\"_blank\" rel=\"noopener\">Impressum<\/a>\u00a0erstellt mit dem\u00a0<a title=\"Trusted Shops\" href=\"https:\/\/shop.trustedshops.com\/de\/\" target=\"_blank\" rel=\"noopener\">Trusted Shops<\/a>\u00a0Rechtstexter in Kooperation mit\u00a0<a title=\"Wilde Beuger Solmecke Rechtsanw\u00e4lte\" href=\"http:\/\/www.wbs-law.de\/\" target=\"_blank\" rel=\"nofollow noopener\">Wilde Beuger Solmecke Rechtsanw\u00e4lte<\/a>.<\/i><\/p>\n","protected":false},"excerpt":{"rendered":"<p>Impressum Petra M\u00fchlchen Korbmachermeisterin Inhaber: Petra M\u00fchlchen Zittauer Stra\u00dfe 7 02727 Ebersbach \u2013 Neugersdorf Deutschland Telefon: +49 (0)3586 7078884 Fax: +49 (0) 3586 7078897 E-Mail: info@hamaca.design Umsatzsteuer-Identifikationsnummer: DE 140588571 Verantwortlich gem\u00e4\u00df \u00a7 55 RStV: Petra M\u00fchlchen Zittauer Stra\u00dfe 7 02727 Ebersbach \u2013 Neugersdorf Die Europ\u00e4ische Kommission stellt eine Plattform zur Online-Streitbeilegung (OS) bereit, die Sie [&hellip;]<\/p>\n","protected":false},"author":1,"featured_media":0,"parent":0,"menu_order":0,"comment_status":"closed","ping_status":"closed","template":"","meta":[],"_links":{"self":[{"href":"https:\/\/hamaca.design\/en\/wp-json\/wp\/v2\/pages\/50"}],"collection":[{"href":"https:\/\/hamaca.design\/en\/wp-json\/wp\/v2\/pages"}],"about":[{"href":"https:\/\/hamaca.design\/en\/wp-json\/wp\/v2\/types\/page"}],"author":[{"embeddable":true,"href":"https:\/\/hamaca.design\/en\/wp-json\/wp\/v2\/users\/1"}],"replies":[{"embeddable":true,"href":"https:\/\/hamaca.design\/en\/wp-json\/wp\/v2\/comments?post=50"}],"version-history":[{"count":3,"href":"https:\/\/hamaca.design\/en\/wp-json\/wp\/v2\/pages\/50\/revisions"}],"predecessor-version":[{"id":409,"href":"https:\/\/hamaca.design\/en\/wp-json\/wp\/v2\/pages\/50\/revisions\/409"}],"wp:attachment":[{"href":"https:\/\/hamaca.design\/en\/wp-json\/wp\/v2\/media?parent=50"}],"curies":[{"name":"wp","href":"https:\/\/api.w.org\/{rel}","templated":true}]}}